{"id":7,"date":"2017-09-01T17:08:21","date_gmt":"2017-09-01T17:08:21","guid":{"rendered":"https:\/\/voller-ernst.de\/?page_id=4"},"modified":"2021-03-10T21:32:14","modified_gmt":"2021-03-10T21:32:14","slug":"impressum","status":"publish","type":"page","link":"https:\/\/voller-ernst.de\/?page_id=7","title":{"rendered":"Impressum &#038; Kontakt"},"content":{"rendered":"<p align=\"LEFT\">\n<p align=\"LEFT\">Voller Ernst<\/p>\n<p align=\"LEFT\">c\/o our-planet.berlin GmbH<br \/>\nHaus 3<br \/>\nGro\u00dfbeerenstrasse 2-10<br \/>\n12107 Berlin<br \/>\nemail: <a href=\"mailto:info@our-planet.berlin\">info@our-planet.berlin<\/a><br \/>\nTelefon: +49-(0)30 22017718<\/p>\n<p align=\"LEFT\">Handelsregister: HRB 162305 B Nummer 1<\/p>\n<p><span style=\"font-size: 14px;\"><span style=\"font-family: arial,helvetica,sans-serif;\"><span style=\"color: #333333;\">eMail: info<\/span><a href=\"mailto:%20web@voller-ernst.de\">@voller-ernst.de<\/a><br \/>\n<span style=\"color: #333333;\">WWW: www.voller-ernst.de<\/span><br \/>\n<span style=\"color: #333333;\">Telefon: 0176 55008505<\/span><\/span><\/span><\/p>\n<p><span style=\"font-size: 14px;\"><span style=\"font-family: arial,helvetica,sans-serif;\"><span style=\"color: #333333;\">UST-ID-Nr.: DE 136044375<\/span><\/span><\/span><\/p>\n<p><span style=\"font-size: 14px;\"><span style=\"font-family: arial,helvetica,sans-serif;\"><strong><span style=\"color: #333333;\">Copyright<\/span><\/strong><br \/>\n<span style=\"color: #333333;\">Alle auf unseren Webseiten gezeigten Fotos sind urheberrechtlich gesch\u00fctzt. Jede Form der weiteren Nutzung und\/oder Ver\u00f6ffentlichung inkl. Des direkten Verlinkens von einzelnen Bildern oder das Einblenden von Seiten in Frames, ist nur mit schriftlicher Genehmigung durch our-planet.berlin GmbH gestattet und honorarpflichtig. Alle Nutzungen erfolgen ausschlie\u00dflich auf der Basis unserer AGBs.<\/span><\/span><\/span><\/p>\n<p><span style=\"font-size: 14px;\"><span style=\"font-family: arial,helvetica,sans-serif;\"><strong><span style=\"color: #333333;\">Links<\/span><\/strong><br \/>\n<span style=\"color: #333333;\">Wir haben auf unseren Seiten Links zu anderen Seiten im Internet gesetzt. F\u00fcr alle diese Links gilt: Wir m\u00f6chten ausdr\u00fccklich betonen, dass wir keinerlei Einflu\u00df auf die Gestaltung und die Inhalte der gelinkten Seiten haben. Deshalb distanzieren wir uns hiermit ausdr\u00fccklich von allen Inhalten aller gelinkten Seiten auf dieser gesamten Webseite inkl. aller Unterseiten. Diese Erkl\u00e4rung gilt f\u00fcr alle auf unserer Homepage ausgebrachten Links und f\u00fcr alle Inhalte der Seiten, zu denen Links oder Banner f\u00fchren.<\/span><\/span><\/span><\/p>\n<p><span style=\"font-size: 14px;\"><span style=\"font-family: arial,helvetica,sans-serif;\"><strong><span style=\"color: #333333;\">Rechtehinweis<\/span><\/strong><br \/>\n<span style=\"color: #333333;\">Alle Informationen auf den our-planet.berlin GmbH Seiten wurden sorgf\u00e4ltig zusammengestellt und gepr\u00fcft. Dennoch k\u00f6nnen Fehler nicht ausgeschlossen werden. Der Betreiber der Seiten haftet nicht f\u00fcr Sch\u00e4den aller Art, die durch fehlerhafte Informationen entstanden sind.<\/span><\/span><\/span><\/p>\n<p><span style=\"font-size: 14px;\"><span style=\"font-family: arial,helvetica,sans-serif;\"><span style=\"color: #333333;\">\u00a9 2021 our-planet.berlin GmbH, Berlin<\/span><\/span><\/span><\/p>\n","protected":false},"excerpt":{"rendered":"<p>Voller Ernst c\/o our-planet.berlin GmbH Haus 3 Gro\u00dfbeerenstrasse 2-10 12107 Berlin email: info@our-planet.berlin Telefon: +49-(0)30 22017718 Handelsregister: HRB 162305 B Nummer 1 eMail: info@voller-ernst.de WWW: www.voller-ernst.de Telefon: 0176 55008505 UST-ID-Nr.: DE 136044375 Copyright Alle auf unseren Webseiten gezeigten Fotos sind urheberrechtlich gesch\u00fctzt. Jede Form der weiteren Nutzung und\/oder Ver\u00f6ffentlichung inkl. Des direkten Verlinkens von einzelnen &hellip; <\/p>\n<p class=\"link-more\"><a href=\"https:\/\/voller-ernst.de\/?page_id=7\" class=\"more-link\"><span class=\"screen-reader-text\">\u201eImpressum &#038; Kontakt\u201c<\/span> weiterlesen<\/a><\/p>\n","protected":false},"author":2,"featured_media":0,"parent":0,"menu_order":0,"comment_status":"closed","ping_status":"closed","template":"","meta":{"footnotes":""},"class_list":["post-7","page","type-page","status-publish","hentry"],"_links":{"self":[{"href":"https:\/\/voller-ernst.de\/index.php?rest_route=\/wp\/v2\/pages\/7","targetHints":{"allow":["GET"]}}],"collection":[{"href":"https:\/\/voller-ernst.de\/index.php?rest_route=\/wp\/v2\/pages"}],"about":[{"href":"https:\/\/voller-ernst.de\/index.php?rest_route=\/wp\/v2\/types\/page"}],"author":[{"embeddable":true,"href":"https:\/\/voller-ernst.de\/index.php?rest_route=\/wp\/v2\/users\/2"}],"replies":[{"embeddable":true,"href":"https:\/\/voller-ernst.de\/index.php?rest_route=%2Fwp%2Fv2%2Fcomments&post=7"}],"version-history":[{"count":2,"href":"https:\/\/voller-ernst.de\/index.php?rest_route=\/wp\/v2\/pages\/7\/revisions"}],"predecessor-version":[{"id":76,"href":"https:\/\/voller-ernst.de\/index.php?rest_route=\/wp\/v2\/pages\/7\/revisions\/76"}],"wp:attachment":[{"href":"https:\/\/voller-ernst.de\/index.php?rest_route=%2Fwp%2Fv2%2Fmedia&parent=7"}],"curies":[{"name":"wp","href":"https:\/\/api.w.org\/{rel}","templated":true}]}}